{"id":52,"date":"2019-09-16T22:20:17","date_gmt":"2019-09-16T19:20:17","guid":{"rendered":"https:\/\/kosmetologeausteja.lt\/?page_id=52"},"modified":"2019-09-18T13:35:36","modified_gmt":"2019-09-18T10:35:36","slug":"plauku-augima-skatinanti-procedura","status":"publish","type":"page","link":"https:\/\/kosmetologeausteja.lt\/index.php\/paslaugos\/plauku-augima-skatinanti-procedura\/","title":{"rendered":"Plauk\u0173 augim\u0105 skatinanti proced\u016bra"},"content":{"rendered":"\n<p> Auk\u0161to da\u017enio elektros srove stimuliuojamos plauk\u0173 \u0161aknys, skatinama kraujotaka, gerinamas maisto med\u017eiag\u0173 pasisavinimas. Tinka vyrams ir moterims.<\/p>\n\n\n\n<p>Trukm\u0117: 30 min  <\/p>\n","protected":false},"excerpt":{"rendered":"<p>Auk\u0161to da\u017enio elektros srove stimuliuojamos plauk\u0173 \u0161aknys, skatinama kraujotaka, gerinamas maisto med\u017eiag\u0173 pasisavinimas. Tinka vyrams ir moterims. Trukm\u0117: 30 min<\/p>\n","protected":false},"author":2,"featured_media":278,"parent":20,"menu_order":0,"comment_status":"closed","ping_status":"closed","template":"page-templates\/single-service.php","meta":{"footnotes":""},"class_list":["post-52","page","type-page","status-publish","has-post-thumbnail","hentry","clearfix"],"_links":{"self":[{"href":"https:\/\/kosmetologeausteja.lt\/index.php\/wp-json\/wp\/v2\/pages\/52"}],"collection":[{"href":"https:\/\/kosmetologeausteja.lt\/index.php\/wp-json\/wp\/v2\/pages"}],"about":[{"href":"https:\/\/kosmetologeausteja.lt\/index.php\/wp-json\/wp\/v2\/types\/page"}],"author":[{"embeddable":true,"href":"https:\/\/kosmetologeausteja.lt\/index.php\/wp-json\/wp\/v2\/users\/2"}],"replies":[{"embeddable":true,"href":"https:\/\/kosmetologeausteja.lt\/index.php\/wp-json\/wp\/v2\/comments?post=52"}],"version-history":[{"count":2,"href":"https:\/\/kosmetologeausteja.lt\/index.php\/wp-json\/wp\/v2\/pages\/52\/revisions"}],"predecessor-version":[{"id":282,"href":"https:\/\/kosmetologeausteja.lt\/index.php\/wp-json\/wp\/v2\/pages\/52\/revisions\/282"}],"up":[{"embeddable":true,"href":"https:\/\/kosmetologeausteja.lt\/index.php\/wp-json\/wp\/v2\/pages\/20"}],"wp:featuredmedia":[{"embeddable":true,"href":"https:\/\/kosmetologeausteja.lt\/index.php\/wp-json\/wp\/v2\/media\/278"}],"wp:attachment":[{"href":"https:\/\/kosmetologeausteja.lt\/index.php\/wp-json\/wp\/v2\/media?parent=52"}],"curies":[{"name":"wp","href":"https:\/\/api.w.org\/{rel}","templated":true}]}}