{"id":317,"date":"2019-09-18T13:56:22","date_gmt":"2019-09-18T10:56:22","guid":{"rendered":"https:\/\/kosmetologeausteja.lt\/?page_id=317"},"modified":"2019-10-01T19:30:29","modified_gmt":"2019-10-01T16:30:29","slug":"mechaninis-veido-valymas","status":"publish","type":"page","link":"https:\/\/kosmetologeausteja.lt\/index.php\/mechaninis-veido-valymas\/","title":{"rendered":"Gydomasis veido valymas"},"content":{"rendered":"\n<p>Demakia\u017eas, \u0161altasis odos brinkinimas, mechanin\u0117 komedon\u0173 ekstrakcija, dezinfekavimas, auk\u0161to da\u017enio elektros srov\u0117s terapija, raminanti kauk\u0117, u\u017ebaigiamasis kremas <\/p>\n\n\n\n<p>Trukm\u0117: 2 Val<\/p>\n\n\n\n<p>Kas yra gydomasis veido valymas ir kuo jis skiriasi nuo paprasto veido valymo?<\/p>\n\n\n\n<p> Gydomojo veido odos por\u0173 valymo odos paruo\u0161imui yra naudojamas v\u0117siojo brinkinimo metodas, kuris nuvalo nuo epidermio pavir\u0161iaus negyvas l\u0105steles ir toksinus be terminio ir mechaninio poveikio bei nenaudojant tradicini\u0173 eksfoliant\u0173. \u0160is metodas, o ne odos garinimas naudojamas, siekiant kuo ma\u017eiau traumuoti kliento od\u0105 ir ma\u017einti tikimyb\u0119 i\u0161pl\u0117sti pavir\u0161inius odos kapiliarus. \u0160i proced\u016bra skirta riebiai, spuoguotai, gausiai i\u0161bertai odai.<\/p>\n\n\n\n<p>Proced\u016bros metu taikomas spuog\u0173 dezinfekcijos ir gijimo skatinimo metodas &#8211; darsonvalizacija.  Darsonvalizacija &#8211; tai proced\u016bra, skirta odai gydyti per stiklo elektrod\u0105, pripildyt\u0105 duj\u0173, veikiant od\u0105 auk\u0161to da\u017enio kintan\u010diomis elektros srov\u0117mis. \u0160is metodas pagreitina epidermio odos sluoksnio l\u0105steli\u0173 pa\u0161alinim\u0105, veikia antibakteri\u0161kai, skatina kraujotak\u0105. Darsonvalizacijos metu i\u0161siskiria ozonas, kuris turi bakteriocidin\u012f ir bakteriostatin\u012f poveik\u012f, taigi slopinamas nauj\u0173 spuog\u0173 susidarymas bei skatinamas esam\u0173 gijimias.&nbsp;Darsonvalizacija aktyviai naudojama tokiose srityse kaip dermatologija ir kosmetologija, medicinoje, t.y. su vidaus organ\u0173 ligomis, urologijos ir ginekologin\u0117mis ligomis susijose srityse, chirurgijoje, neuropatologijoje ir kt.<\/p>\n\n\n\n<p>Gydomojo veido valymo pabaigai naudojami augaliniai ekstraktai, kerp\u0117s, hamamelis, propolis, pasi\u017eymintys stipriu prie\u0161u\u017edegiminiu ir gydomuoju poveikiu, nat\u016bral\u016bs kerpi\u0173 milteliai prilyginami augaliniams antibiotikams.<\/p>\n\n\n\n<p>Nepaisant vis\u0173 teigiam\u0173 \u0161ios proced\u016bros savybi\u0173, svarbu pamin\u0117ti, kad gydomasis veido valymas n\u0117ra maloni proced\u016bra. Normalu proced\u016bros metu jausti skausm\u0105, o liekamieji rei\u0161kiniai po proced\u016bros &#8211; paraudimai, \u0161a\u0161iukai, gali i\u0161silaikyti iki trij\u0173 dien\u0173 po proced\u016bros.<\/p>\n\n\n\n<p>Nepami\u0161kite, kad geriausiems rezultatams pasiekti b\u016btina prie\u017ei\u016bra namuose. Vidutinis akn\u0117s gydymo programos laikas &#8211; 6 m\u0117nesiai.<\/p>\n\n\n\n<figure class=\"wp-block-image\"><img loading=\"lazy\" decoding=\"async\" width=\"1024\" height=\"683\" src=\"https:\/\/kosmetologeausteja.lt\/wp-content\/uploads\/2019\/10\/Canva-Girl-During-Cosmetic-Procedures-1-1024x683.jpg\" alt=\"\" class=\"wp-image-344\" srcset=\"https:\/\/kosmetologeausteja.lt\/wp-content\/uploads\/2019\/10\/Canva-Girl-During-Cosmetic-Procedures-1-1024x683.jpg 1024w, https:\/\/kosmetologeausteja.lt\/wp-content\/uploads\/2019\/10\/Canva-Girl-During-Cosmetic-Procedures-1-300x200.jpg 300w, https:\/\/kosmetologeausteja.lt\/wp-content\/uploads\/2019\/10\/Canva-Girl-During-Cosmetic-Procedures-1-768x512.jpg 768w, https:\/\/kosmetologeausteja.lt\/wp-content\/uploads\/2019\/10\/Canva-Girl-During-Cosmetic-Procedures-1-700x467.jpg 700w, https:\/\/kosmetologeausteja.lt\/wp-content\/uploads\/2019\/10\/Canva-Girl-During-Cosmetic-Procedures-1-520x347.jpg 520w, https:\/\/kosmetologeausteja.lt\/wp-content\/uploads\/2019\/10\/Canva-Girl-During-Cosmetic-Procedures-1-360x240.jpg 360w, https:\/\/kosmetologeausteja.lt\/wp-content\/uploads\/2019\/10\/Canva-Girl-During-Cosmetic-Procedures-1-250x167.jpg 250w, https:\/\/kosmetologeausteja.lt\/wp-content\/uploads\/2019\/10\/Canva-Girl-During-Cosmetic-Procedures-1-100x67.jpg 100w\" sizes=\"(max-width: 1024px) 100vw, 1024px\" \/><figcaption>Gydomasis veido valymas<\/figcaption><\/figure>\n\n\n\n<p> <\/p>\n","protected":false},"excerpt":{"rendered":"<p>Demakia\u017eas, \u0161altasis odos brinkinimas, mechanin\u0117 komedon\u0173 ekstrakcija, dezinfekavimas, auk\u0161to da\u017enio elektros srov\u0117s terapija, raminanti kauk\u0117, u\u017ebaigiamasis kremas Trukm\u0117: 2 Val Kas yra gydomasis veido valymas ir kuo jis skiriasi nuo paprasto veido valymo? Gydomojo veido odos por\u0173 valymo odos paruo\u0161imui [&hellip;]<\/p>\n","protected":false},"author":2,"featured_media":306,"parent":0,"menu_order":0,"comment_status":"closed","ping_status":"closed","template":"page-templates\/single-service.php","meta":{"footnotes":""},"class_list":["post-317","page","type-page","status-publish","has-post-thumbnail","hentry","clearfix"],"_links":{"self":[{"href":"https:\/\/kosmetologeausteja.lt\/index.php\/wp-json\/wp\/v2\/pages\/317"}],"collection":[{"href":"https:\/\/kosmetologeausteja.lt\/index.php\/wp-json\/wp\/v2\/pages"}],"about":[{"href":"https:\/\/kosmetologeausteja.lt\/index.php\/wp-json\/wp\/v2\/types\/page"}],"author":[{"embeddable":true,"href":"https:\/\/kosmetologeausteja.lt\/index.php\/wp-json\/wp\/v2\/users\/2"}],"replies":[{"embeddable":true,"href":"https:\/\/kosmetologeausteja.lt\/index.php\/wp-json\/wp\/v2\/comments?post=317"}],"version-history":[{"count":3,"href":"https:\/\/kosmetologeausteja.lt\/index.php\/wp-json\/wp\/v2\/pages\/317\/revisions"}],"predecessor-version":[{"id":346,"href":"https:\/\/kosmetologeausteja.lt\/index.php\/wp-json\/wp\/v2\/pages\/317\/revisions\/346"}],"wp:featuredmedia":[{"embeddable":true,"href":"https:\/\/kosmetologeausteja.lt\/index.php\/wp-json\/wp\/v2\/media\/306"}],"wp:attachment":[{"href":"https:\/\/kosmetologeausteja.lt\/index.php\/wp-json\/wp\/v2\/media?parent=317"}],"curies":[{"name":"wp","href":"https:\/\/api.w.org\/{rel}","templated":true}]}}