{"id":315,"date":"2019-09-18T13:55:45","date_gmt":"2019-09-18T10:55:45","guid":{"rendered":"https:\/\/kosmetologeausteja.lt\/?page_id=315"},"modified":"2019-10-02T13:10:31","modified_gmt":"2019-10-02T10:10:31","slug":"kombinuotas-veido-valymas","status":"publish","type":"page","link":"https:\/\/kosmetologeausteja.lt\/index.php\/kombinuotas-veido-valymas\/","title":{"rendered":"Kombinuotas veido valymas"},"content":{"rendered":"\n<p>Atsi\u017evelgiant \u012f odos b\u016bkl\u0119 \u0161io valymo metu bus taikomos bent dvi i\u0161 \u0161i\u0173 metodik\u0173: ultragarsinis valymas, mechaninis valymas, r\u016bg\u0161tinis valymas.<\/p>\n\n\n\n<p>Trukm\u0117: 2 val<\/p>\n\n\n\n<p><strong>Kada ir kod\u0117l taikomas kombinuotas veido valymas?<\/strong><\/p>\n\n\n\n<p>Kombinuotas veido valymas da\u017eniausiai taikomas \u0161iose situacijose:<\/p>\n\n\n\n<ol class=\"wp-block-list\"><li>D\u0117l netinkamos veido odos prie\u017ei\u016bros namuose, gyvenimo b\u016bdo ypatum\u0173 esant labai storai, kietai veido odai, i\u0161 kurios yra sunku mechani\u0161kai pa\u0161alinti komedonus. Siekiant kuo ma\u017eiau traumuoti toki\u0105 od\u0105, jos nenubrozdinti, derinami keli veido valymo metodai.<\/li><li>Sprend\u017eiant kelias veido odos problemas vienos proced\u016bros metu, tokias, kaip &#8211; randeliai, pigmentin\u0117s d\u0117m\u0117s, odos stangrumo praradimas, dr\u0117gm\u0117s stoka.<\/li><li>Valant veido od\u0105 zonomis. Valant mi\u0161ri\u0105 od\u0105 tik\u0117tina, jog skruost\u0173 ir kaktos sri\u010diai gali pakakti ultragarsinio valymo, o smakrui ir nosiai prireiks mechanin\u0117s komedon\u0173 ekstrakcijos.<\/li><\/ol>\n\n\n\n<p>Daugiau informacijos apie skirtingas veido valymo metodikas galite rasti paspaud\u0119 \u017eemiau esan\u010dias nuorodas.<\/p>\n\n\n\n<figure class=\"wp-block-embed-wordpress wp-block-embed is-type-wp-embed is-provider-kosmetologe-austeja\"><div class=\"wp-block-embed__wrapper\">\n<blockquote class=\"wp-embedded-content\" data-secret=\"A35m2PoBM9\"><a href=\"https:\/\/kosmetologeausteja.lt\/index.php\/mechaninis-veido-valymas\/\">Gydomasis veido valymas<\/a><\/blockquote><iframe loading=\"lazy\" class=\"wp-embedded-content\" sandbox=\"allow-scripts\" security=\"restricted\" style=\"position: absolute; clip: rect(1px, 1px, 1px, 1px);\" title=\"&#8220;Gydomasis veido valymas&#8221; &#8212; Kosmetolog\u0117 Aust\u0117ja\" src=\"https:\/\/kosmetologeausteja.lt\/index.php\/mechaninis-veido-valymas\/embed\/#?secret=x9CgTtGjk0#?secret=A35m2PoBM9\" data-secret=\"A35m2PoBM9\" width=\"600\" height=\"338\" frameborder=\"0\" marginwidth=\"0\" marginheight=\"0\" scrolling=\"no\"><\/iframe>\n<\/div><\/figure>\n\n\n\n<figure class=\"wp-block-embed-wordpress wp-block-embed is-type-wp-embed is-provider-kosmetologe-austeja\"><div class=\"wp-block-embed__wrapper\">\n<blockquote class=\"wp-embedded-content\" data-secret=\"VCtdcBDE7l\"><a href=\"https:\/\/kosmetologeausteja.lt\/index.php\/rugstinis-veido-valymas\/\">R\u016bg\u0161tinis veido valymas<\/a><\/blockquote><iframe loading=\"lazy\" class=\"wp-embedded-content\" sandbox=\"allow-scripts\" security=\"restricted\" style=\"position: absolute; clip: rect(1px, 1px, 1px, 1px);\" title=\"&#8220;R\u016bg\u0161tinis veido valymas&#8221; &#8212; Kosmetolog\u0117 Aust\u0117ja\" src=\"https:\/\/kosmetologeausteja.lt\/index.php\/rugstinis-veido-valymas\/embed\/#?secret=u0UwbHdjaH#?secret=VCtdcBDE7l\" data-secret=\"VCtdcBDE7l\" width=\"600\" height=\"338\" frameborder=\"0\" marginwidth=\"0\" marginheight=\"0\" scrolling=\"no\"><\/iframe>\n<\/div><\/figure>\n\n\n\n<figure class=\"wp-block-embed-wordpress wp-block-embed is-type-wp-embed is-provider-kosmetologe-austeja\"><div class=\"wp-block-embed__wrapper\">\n<blockquote class=\"wp-embedded-content\" data-secret=\"jEFZmcqnje\"><a href=\"https:\/\/kosmetologeausteja.lt\/index.php\/ultragarsinis-odos-valymas\/\">Ultragarsinis odos valymas<\/a><\/blockquote><iframe loading=\"lazy\" class=\"wp-embedded-content\" sandbox=\"allow-scripts\" security=\"restricted\" style=\"position: absolute; clip: rect(1px, 1px, 1px, 1px);\" title=\"&#8220;Ultragarsinis odos valymas&#8221; &#8212; Kosmetolog\u0117 Aust\u0117ja\" src=\"https:\/\/kosmetologeausteja.lt\/index.php\/ultragarsinis-odos-valymas\/embed\/#?secret=xPNRic3Kjo#?secret=jEFZmcqnje\" data-secret=\"jEFZmcqnje\" width=\"600\" height=\"338\" frameborder=\"0\" marginwidth=\"0\" marginheight=\"0\" scrolling=\"no\"><\/iframe>\n<\/div><\/figure>\n","protected":false},"excerpt":{"rendered":"<p>Atsi\u017evelgiant \u012f odos b\u016bkl\u0119 \u0161io valymo metu bus taikomos bent dvi i\u0161 \u0161i\u0173 metodik\u0173: ultragarsinis valymas, mechaninis valymas, r\u016bg\u0161tinis valymas. Trukm\u0117: 2 val Kada ir kod\u0117l taikomas kombinuotas veido valymas? Kombinuotas veido valymas da\u017eniausiai taikomas \u0161iose situacijose: D\u0117l netinkamos veido [&hellip;]<\/p>\n","protected":false},"author":2,"featured_media":305,"parent":0,"menu_order":0,"comment_status":"closed","ping_status":"closed","template":"page-templates\/single-service.php","meta":{"footnotes":""},"class_list":["post-315","page","type-page","status-publish","has-post-thumbnail","hentry","clearfix"],"_links":{"self":[{"href":"https:\/\/kosmetologeausteja.lt\/index.php\/wp-json\/wp\/v2\/pages\/315"}],"collection":[{"href":"https:\/\/kosmetologeausteja.lt\/index.php\/wp-json\/wp\/v2\/pages"}],"about":[{"href":"https:\/\/kosmetologeausteja.lt\/index.php\/wp-json\/wp\/v2\/types\/page"}],"author":[{"embeddable":true,"href":"https:\/\/kosmetologeausteja.lt\/index.php\/wp-json\/wp\/v2\/users\/2"}],"replies":[{"embeddable":true,"href":"https:\/\/kosmetologeausteja.lt\/index.php\/wp-json\/wp\/v2\/comments?post=315"}],"version-history":[{"count":2,"href":"https:\/\/kosmetologeausteja.lt\/index.php\/wp-json\/wp\/v2\/pages\/315\/revisions"}],"predecessor-version":[{"id":353,"href":"https:\/\/kosmetologeausteja.lt\/index.php\/wp-json\/wp\/v2\/pages\/315\/revisions\/353"}],"wp:featuredmedia":[{"embeddable":true,"href":"https:\/\/kosmetologeausteja.lt\/index.php\/wp-json\/wp\/v2\/media\/305"}],"wp:attachment":[{"href":"https:\/\/kosmetologeausteja.lt\/index.php\/wp-json\/wp\/v2\/media?parent=315"}],"curies":[{"name":"wp","href":"https:\/\/api.w.org\/{rel}","templated":true}]}}