{"id":313,"date":"2019-09-18T13:55:08","date_gmt":"2019-09-18T10:55:08","guid":{"rendered":"https:\/\/kosmetologeausteja.lt\/?page_id=313"},"modified":"2019-10-07T14:49:12","modified_gmt":"2019-10-07T11:49:12","slug":"rugstinis-nugaros-valymas","status":"publish","type":"page","link":"https:\/\/kosmetologeausteja.lt\/index.php\/rugstinis-nugaros-valymas\/","title":{"rendered":"R\u016bg\u0161tinis nugaros valymas"},"content":{"rendered":"\n<p>Eiga: odos paruo\u0161imas \u0161veitimui, r\u016bg\u0161tinis nugaros odos valymas, mechanin\u0117 komedon\u0173 ekstrakcija, pagal poreik\u012f &#8211; auk\u0161to da\u017enio stov\u0117s terapija, gydomoji kauk\u0117, kremas.<\/p>\n\n\n\n<p> Proced\u016br\u0173 skai\u010dius priklauso nuo nugaros odos u\u017eter\u0161tumo ir problemos.\u00a0<strong>Proced\u016bra gali b\u016bti atliekama kaip vienkartin\u0117 terapija, ta\u010diau, norint gauti maksimal\u0173 poveik\u012f, rekomenduojama atlikti proced\u016br\u0173 cikl\u0105.<\/strong>\u00a0Minimalus gydymo kursas \u2013 5-6 proced\u016bros, maksimalus \u2013 10-15 proced\u016br\u0173. Tarp proced\u016br\u0173 privaloma 7-10 dien\u0173 pertrauka. <\/p>\n\n\n\n<p>Svarbu: \u0161i proced\u016bra, o ypa\u010d j\u0173 kursas, netinka, jei artimiausiu metu planuojate atostogas, kuri\u0173 metu deginsit\u0117s saul\u0117je. Net ir naudojant apsaugin\u012f krem\u0105, esant \u0161iltuose kra\u0161tuose, kur saul\u0117s aktyvumas didelis, i\u0161lieka labai didel\u0117 pigmentini\u0173 d\u0117mi\u0173 atsiradimo tikimyb\u0117.<\/p>\n\n\n\n<p><\/p>\n\n\n\n<p>Trukm\u0117: 2 val<\/p>\n","protected":false},"excerpt":{"rendered":"<p>Eiga: odos paruo\u0161imas \u0161veitimui, r\u016bg\u0161tinis nugaros odos valymas, mechanin\u0117 komedon\u0173 ekstrakcija, pagal poreik\u012f &#8211; auk\u0161to da\u017enio stov\u0117s terapija, gydomoji kauk\u0117, kremas. Proced\u016br\u0173 skai\u010dius priklauso nuo nugaros odos u\u017eter\u0161tumo ir problemos.\u00a0Proced\u016bra gali b\u016bti atliekama kaip vienkartin\u0117 terapija, ta\u010diau, norint gauti maksimal\u0173 [&hellip;]<\/p>\n","protected":false},"author":2,"featured_media":304,"parent":0,"menu_order":0,"comment_status":"closed","ping_status":"closed","template":"page-templates\/single-service.php","meta":{"footnotes":""},"class_list":["post-313","page","type-page","status-publish","has-post-thumbnail","hentry","clearfix"],"_links":{"self":[{"href":"https:\/\/kosmetologeausteja.lt\/index.php\/wp-json\/wp\/v2\/pages\/313"}],"collection":[{"href":"https:\/\/kosmetologeausteja.lt\/index.php\/wp-json\/wp\/v2\/pages"}],"about":[{"href":"https:\/\/kosmetologeausteja.lt\/index.php\/wp-json\/wp\/v2\/types\/page"}],"author":[{"embeddable":true,"href":"https:\/\/kosmetologeausteja.lt\/index.php\/wp-json\/wp\/v2\/users\/2"}],"replies":[{"embeddable":true,"href":"https:\/\/kosmetologeausteja.lt\/index.php\/wp-json\/wp\/v2\/comments?post=313"}],"version-history":[{"count":2,"href":"https:\/\/kosmetologeausteja.lt\/index.php\/wp-json\/wp\/v2\/pages\/313\/revisions"}],"predecessor-version":[{"id":386,"href":"https:\/\/kosmetologeausteja.lt\/index.php\/wp-json\/wp\/v2\/pages\/313\/revisions\/386"}],"wp:featuredmedia":[{"embeddable":true,"href":"https:\/\/kosmetologeausteja.lt\/index.php\/wp-json\/wp\/v2\/media\/304"}],"wp:attachment":[{"href":"https:\/\/kosmetologeausteja.lt\/index.php\/wp-json\/wp\/v2\/media?parent=313"}],"curies":[{"name":"wp","href":"https:\/\/api.w.org\/{rel}","templated":true}]}}