{"id":311,"date":"2019-09-18T13:53:54","date_gmt":"2019-09-18T10:53:54","guid":{"rendered":"https:\/\/kosmetologeausteja.lt\/?page_id=311"},"modified":"2019-09-18T13:53:54","modified_gmt":"2019-09-18T10:53:54","slug":"veido-masazas","status":"publish","type":"page","link":"https:\/\/kosmetologeausteja.lt\/index.php\/veido-masazas\/","title":{"rendered":"Veido masa\u017eas"},"content":{"rendered":"\n<p>Demakia\u017eas, veido masa\u017eas, esant poreikiui, u\u017ebaigiamasis kremas.<\/p>\n\n\n\n<p>Trukm\u0117: 1 val<\/p>\n","protected":false},"excerpt":{"rendered":"<p>Demakia\u017eas, veido masa\u017eas, esant poreikiui, u\u017ebaigiamasis kremas. Trukm\u0117: 1 val<\/p>\n","protected":false},"author":2,"featured_media":303,"parent":0,"menu_order":0,"comment_status":"closed","ping_status":"closed","template":"page-templates\/single-service.php","meta":{"footnotes":""},"class_list":["post-311","page","type-page","status-publish","has-post-thumbnail","hentry","clearfix"],"_links":{"self":[{"href":"https:\/\/kosmetologeausteja.lt\/index.php\/wp-json\/wp\/v2\/pages\/311"}],"collection":[{"href":"https:\/\/kosmetologeausteja.lt\/index.php\/wp-json\/wp\/v2\/pages"}],"about":[{"href":"https:\/\/kosmetologeausteja.lt\/index.php\/wp-json\/wp\/v2\/types\/page"}],"author":[{"embeddable":true,"href":"https:\/\/kosmetologeausteja.lt\/index.php\/wp-json\/wp\/v2\/users\/2"}],"replies":[{"embeddable":true,"href":"https:\/\/kosmetologeausteja.lt\/index.php\/wp-json\/wp\/v2\/comments?post=311"}],"version-history":[{"count":1,"href":"https:\/\/kosmetologeausteja.lt\/index.php\/wp-json\/wp\/v2\/pages\/311\/revisions"}],"predecessor-version":[{"id":312,"href":"https:\/\/kosmetologeausteja.lt\/index.php\/wp-json\/wp\/v2\/pages\/311\/revisions\/312"}],"wp:featuredmedia":[{"embeddable":true,"href":"https:\/\/kosmetologeausteja.lt\/index.php\/wp-json\/wp\/v2\/media\/303"}],"wp:attachment":[{"href":"https:\/\/kosmetologeausteja.lt\/index.php\/wp-json\/wp\/v2\/media?parent=311"}],"curies":[{"name":"wp","href":"https:\/\/api.w.org\/{rel}","templated":true}]}}