{"id":309,"date":"2019-09-18T13:53:07","date_gmt":"2019-09-18T10:53:07","guid":{"rendered":"https:\/\/kosmetologeausteja.lt\/?page_id=309"},"modified":"2019-10-02T00:19:22","modified_gmt":"2019-10-01T21:19:22","slug":"ultragarsinis-odos-valymas","status":"publish","type":"page","link":"https:\/\/kosmetologeausteja.lt\/index.php\/ultragarsinis-odos-valymas\/","title":{"rendered":"Ultragarsinis odos valymas"},"content":{"rendered":"\n<p>Demakia\u017eas, odos brinkinimas &#8211; esant poreikiui, odos valymas ultragarsu, masa\u017eas, kauk\u0117, u\u017ebaigiamasis kremas<\/p>\n\n\n\n<p>Trukm\u0117: 1.5 val<\/p>\n\n\n\n<p><strong>Kas yra ultragarsinis odos valymas:<\/strong><\/p>\n\n\n\n<p>Ultragarsinis odos valymas, kitaip dar vadinamas giluminiu odos valymu &#8211; pats efektyviausias ir pa\u017eangiausias b\u016bdas i\u0161valyti ne\u0161varumus, riebalus, negyv\u0173 l\u0105steli\u0173 sankaupas, kosmetikos liku\u010dius. Labai da\u017enai ultragarsinis odos valymas painojamas su mechaniniu valymu, kitaip tariant, su komedon\u0173 (ink\u0161tir\u0173) valymu. Ink\u0161tir\u0173 \u0161alinimui ultragarsas netaikomas. Jeigu reklamai naudojama nuotrauka &#8221;prie\u0161 &#8211; po&#8221;, kurioje matomi po proced\u016bros pa\u0161alinti ink\u0161tirai &#8211; tik\u0117tina, kad tai &#8211; apgaul\u0117 &#8211; buvo atlikta kita proced\u016bra, tokia, kaip mechaninis odos valymas. Ultragarsas gali b\u016bti derinamas su mechaniniu odos valymu, i\u0161 prad\u017ei\u0173 nuvalant negyvas l\u0105steles, o v\u0117liau mechaniniu b\u016bdu \u0161alinant komedonus.<\/p>\n\n\n\n<p>Ultragarso veikimo principas &#8211; garso bangos, vibracijos. Sudr\u0117kinus veido od\u0105 vandeniu, per j\u0105 \u0161velniai braukiant ultragarso mentele, vibracijos perduodamos vandeniui ir jis \u0161velniai purk\u0161damas i\u0161judina negyvas l\u0105steles ir ne\u0161varumus nuo odos pavir\u0161iaus ir padeda jiems pasi\u0161alinti i\u0161 giliausi\u0173 odos sluoksni\u0173. \u0160ios vibracijos veikia molekuli\u0173 lygmenyje, proced\u016bros metu vibracij\u0173 nejau\u010diama, jau\u010diama tik dr\u0117gm\u0117 ir \u0161velnus pur\u0161kimas. B\u016btent d\u0117l ne\u0161varum\u0173 pa\u0161alinimo molekuliniame lygmenyje \u0161i proced\u016bra vadinama giluminiu veido valymu.<\/p>\n\n\n\n<p><strong>Kam \u0161i proced\u016bra tinka?<\/strong><\/p>\n\n\n\n<p>Ultragarsin\u012f veido valym\u0105 galima taikyti beveik visoms odoms, i\u0161skyrus \u016bmias akn\u0117s formas. \u0160is valymas tinka netgi esant ypa\u010d jautriai odai, brand\u017eiai odai, dermatitui.<\/p>\n\n\n\n<p><strong>Jeigu valymas toks \u0161velnus, nepa\u0161alinami ink\u0161tirai, kam jis reikalingas?<\/strong><\/p>\n\n\n\n<p>Od\u0105 \u0161veisti, valyti, reikia tikrai ne tik tuomet, kai atsiranda ink\u0161tirai. Ant m\u016bs\u0173 odos pavir\u0161iaus nuolat kaupiasi negyvos l\u0105stel\u0117s korneocitai, susimai\u0161\u0119 su nat\u016braliais odos riebalais ir prakaitu. Nepakankamai \u0161vei\u010diant od\u0105, susidaro storas negyv\u0173 l\u0105steli\u0173 sluoksnis, oda praranda skaistum\u0105, negauna pakankamai deguonies, gali prad\u0117ti \u0161erpetoti, nepasisavina kosmetikos priemon\u0117s. Tai &#8211; puiki sezonin\u0117 proced\u016bra &#8211; pasiruo\u0161ti prie\u0161 ar atsigauti po pra\u0117jusio sezono, taip pat tai &#8211; b\u016btina proced\u016bra, jei norite i\u0161gauti ger\u0173 rezultat\u0173 naudodami priemones namuose. Bet koks kremas, net ir pats geriausias, teb\u016bnie ir u\u017e 200 Eur\u0173, nebus veiksmingas, jei negal\u0117s prasiskverbti per tinkamai nenu\u0161veist\u0105 od\u0105.<\/p>\n\n\n\n<figure class=\"wp-block-image\"><img loading=\"lazy\" decoding=\"async\" width=\"1024\" height=\"683\" src=\"https:\/\/kosmetologeausteja.lt\/wp-content\/uploads\/2019\/10\/Canva-Skin-Care.-Ultrasound-Cavitation-Facial-Peeling.-Skin-Cleansing-1024x683.jpg\" alt=\"\" class=\"wp-image-349\" srcset=\"https:\/\/kosmetologeausteja.lt\/wp-content\/uploads\/2019\/10\/Canva-Skin-Care.-Ultrasound-Cavitation-Facial-Peeling.-Skin-Cleansing-1024x683.jpg 1024w, https:\/\/kosmetologeausteja.lt\/wp-content\/uploads\/2019\/10\/Canva-Skin-Care.-Ultrasound-Cavitation-Facial-Peeling.-Skin-Cleansing-300x200.jpg 300w, https:\/\/kosmetologeausteja.lt\/wp-content\/uploads\/2019\/10\/Canva-Skin-Care.-Ultrasound-Cavitation-Facial-Peeling.-Skin-Cleansing-768x512.jpg 768w, https:\/\/kosmetologeausteja.lt\/wp-content\/uploads\/2019\/10\/Canva-Skin-Care.-Ultrasound-Cavitation-Facial-Peeling.-Skin-Cleansing-700x467.jpg 700w, https:\/\/kosmetologeausteja.lt\/wp-content\/uploads\/2019\/10\/Canva-Skin-Care.-Ultrasound-Cavitation-Facial-Peeling.-Skin-Cleansing-520x347.jpg 520w, https:\/\/kosmetologeausteja.lt\/wp-content\/uploads\/2019\/10\/Canva-Skin-Care.-Ultrasound-Cavitation-Facial-Peeling.-Skin-Cleansing-360x240.jpg 360w, https:\/\/kosmetologeausteja.lt\/wp-content\/uploads\/2019\/10\/Canva-Skin-Care.-Ultrasound-Cavitation-Facial-Peeling.-Skin-Cleansing-250x167.jpg 250w, https:\/\/kosmetologeausteja.lt\/wp-content\/uploads\/2019\/10\/Canva-Skin-Care.-Ultrasound-Cavitation-Facial-Peeling.-Skin-Cleansing-100x67.jpg 100w\" sizes=\"(max-width: 1024px) 100vw, 1024px\" \/><figcaption>Ultragarsinis veido valymas<\/figcaption><\/figure>\n","protected":false},"excerpt":{"rendered":"<p>Demakia\u017eas, odos brinkinimas &#8211; esant poreikiui, odos valymas ultragarsu, masa\u017eas, kauk\u0117, u\u017ebaigiamasis kremas Trukm\u0117: 1.5 val Kas yra ultragarsinis odos valymas: Ultragarsinis odos valymas, kitaip dar vadinamas giluminiu odos valymu &#8211; pats efektyviausias ir pa\u017eangiausias b\u016bdas i\u0161valyti ne\u0161varumus, riebalus, negyv\u0173 [&hellip;]<\/p>\n","protected":false},"author":2,"featured_media":302,"parent":0,"menu_order":0,"comment_status":"closed","ping_status":"closed","template":"page-templates\/single-service.php","meta":{"footnotes":""},"class_list":["post-309","page","type-page","status-publish","has-post-thumbnail","hentry","clearfix"],"_links":{"self":[{"href":"https:\/\/kosmetologeausteja.lt\/index.php\/wp-json\/wp\/v2\/pages\/309"}],"collection":[{"href":"https:\/\/kosmetologeausteja.lt\/index.php\/wp-json\/wp\/v2\/pages"}],"about":[{"href":"https:\/\/kosmetologeausteja.lt\/index.php\/wp-json\/wp\/v2\/types\/page"}],"author":[{"embeddable":true,"href":"https:\/\/kosmetologeausteja.lt\/index.php\/wp-json\/wp\/v2\/users\/2"}],"replies":[{"embeddable":true,"href":"https:\/\/kosmetologeausteja.lt\/index.php\/wp-json\/wp\/v2\/comments?post=309"}],"version-history":[{"count":5,"href":"https:\/\/kosmetologeausteja.lt\/index.php\/wp-json\/wp\/v2\/pages\/309\/revisions"}],"predecessor-version":[{"id":351,"href":"https:\/\/kosmetologeausteja.lt\/index.php\/wp-json\/wp\/v2\/pages\/309\/revisions\/351"}],"wp:featuredmedia":[{"embeddable":true,"href":"https:\/\/kosmetologeausteja.lt\/index.php\/wp-json\/wp\/v2\/media\/302"}],"wp:attachment":[{"href":"https:\/\/kosmetologeausteja.lt\/index.php\/wp-json\/wp\/v2\/media?parent=309"}],"curies":[{"name":"wp","href":"https:\/\/api.w.org\/{rel}","templated":true}]}}