{"id":307,"date":"2019-09-18T13:52:24","date_gmt":"2019-09-18T10:52:24","guid":{"rendered":"https:\/\/kosmetologeausteja.lt\/?page_id=307"},"modified":"2019-10-07T14:46:07","modified_gmt":"2019-10-07T11:46:07","slug":"rugstinis-veido-valymas","status":"publish","type":"page","link":"https:\/\/kosmetologeausteja.lt\/index.php\/rugstinis-veido-valymas\/","title":{"rendered":"R\u016bg\u0161tinis veido valymas"},"content":{"rendered":"\n<p>Demakia\u017eas, odos paruo\u0161imas \u0161veitimui, r\u016bg\u0161tinis \u0161veitimas, kauk\u0117 pagal odos b\u016bkl\u0119, u\u017ebaigiamasis kremas.<\/p>\n\n\n\n<p>Trukm\u0117: 1.5 val<\/p>\n\n\n\n<p>R\u016bg\u0161tin\u0117s proced\u016bros &#8211; vienos i\u0161 efektyviausi\u0173 paslaug\u0173 kosmetologo arsenale. Kontroliuojamai nu\u0161vei\u010diant negyvas raginio sluoksnio l\u0105steles skatinama odos regeneracija. Atsinaujinus odai, ji tampa pastebimai lygesn\u0117, skaistesn\u0117, suma\u017e\u0117ja b\u0117rimo element\u0173. \u0160i proced\u016bra &#8211; pasirinkimas numeris vienas tiek spuog\u0173 atveju, tiek kovojant su pigmentin\u0117mis d\u0117m\u0117mis, tiek su rauk\u0161l\u0117mis. <\/p>\n\n\n\n<p>Gydymo kursas:<br>Proced\u016br\u0173 skai\u010dius priklauso nuo veido odos u\u017eter\u0161tumo ir problemos. <strong>Proced\u016bra gali b\u016bti atliekama kaip vienkartin\u0117 terapija, ta\u010diau, norint gauti maksimal\u0173 poveik\u012f, rekomenduojama atlikti proced\u016br\u0173 cikl\u0105.<\/strong> Minimalus gydymo kursas \u2013 5-6 proced\u016bros, maksimalus \u2013 10-15 proced\u016br\u0173. Tarp proced\u016br\u0173 privaloma 7-10 dien\u0173 pertrauka. <\/p>\n\n\n\n<p>\u0160veitimai atliekami su pasaulyje pripa\u017einta ODA professional kosmetika.<\/p>\n\n\n\n<figure class=\"wp-block-image\"><img loading=\"lazy\" decoding=\"async\" width=\"1000\" height=\"590\" src=\"https:\/\/kosmetologeausteja.lt\/wp-content\/uploads\/2019\/10\/51_l.jpg\" alt=\"\" class=\"wp-image-337\" srcset=\"https:\/\/kosmetologeausteja.lt\/wp-content\/uploads\/2019\/10\/51_l.jpg 1000w, https:\/\/kosmetologeausteja.lt\/wp-content\/uploads\/2019\/10\/51_l-300x177.jpg 300w, https:\/\/kosmetologeausteja.lt\/wp-content\/uploads\/2019\/10\/51_l-768x453.jpg 768w, https:\/\/kosmetologeausteja.lt\/wp-content\/uploads\/2019\/10\/51_l-700x413.jpg 700w, https:\/\/kosmetologeausteja.lt\/wp-content\/uploads\/2019\/10\/51_l-520x307.jpg 520w, https:\/\/kosmetologeausteja.lt\/wp-content\/uploads\/2019\/10\/51_l-360x212.jpg 360w, https:\/\/kosmetologeausteja.lt\/wp-content\/uploads\/2019\/10\/51_l-250x148.jpg 250w, https:\/\/kosmetologeausteja.lt\/wp-content\/uploads\/2019\/10\/51_l-100x59.jpg 100w\" sizes=\"(max-width: 1000px) 100vw, 1000px\" \/><figcaption>ODA professional nuotrauka: rezultatai po 10 r\u016bg\u0161tini\u0173 \u0161veitim\u0173 ir priemoni\u0173 naudojimo namuose.<\/figcaption><\/figure>\n\n\n\n<figure class=\"wp-block-image\"><img loading=\"lazy\" decoding=\"async\" width=\"1024\" height=\"604\" src=\"https:\/\/kosmetologeausteja.lt\/wp-content\/uploads\/2019\/10\/38_l-1024x604.jpg\" alt=\"\" class=\"wp-image-338\" srcset=\"https:\/\/kosmetologeausteja.lt\/wp-content\/uploads\/2019\/10\/38_l-1024x604.jpg 1024w, https:\/\/kosmetologeausteja.lt\/wp-content\/uploads\/2019\/10\/38_l-300x177.jpg 300w, https:\/\/kosmetologeausteja.lt\/wp-content\/uploads\/2019\/10\/38_l-768x453.jpg 768w, https:\/\/kosmetologeausteja.lt\/wp-content\/uploads\/2019\/10\/38_l-700x413.jpg 700w, https:\/\/kosmetologeausteja.lt\/wp-content\/uploads\/2019\/10\/38_l-520x307.jpg 520w, https:\/\/kosmetologeausteja.lt\/wp-content\/uploads\/2019\/10\/38_l-360x212.jpg 360w, https:\/\/kosmetologeausteja.lt\/wp-content\/uploads\/2019\/10\/38_l-250x148.jpg 250w, https:\/\/kosmetologeausteja.lt\/wp-content\/uploads\/2019\/10\/38_l-100x59.jpg 100w\" sizes=\"(max-width: 1024px) 100vw, 1024px\" \/><figcaption> ODA professional nuotrauka: rezultatai po 10 r\u016bg\u0161tini\u0173 \u0161veitim\u0173 ir priemoni\u0173 naudojimo namuose. <\/figcaption><\/figure>\n\n\n\n<figure class=\"wp-block-image\"><img loading=\"lazy\" decoding=\"async\" width=\"1000\" height=\"590\" src=\"https:\/\/kosmetologeausteja.lt\/wp-content\/uploads\/2019\/10\/55_l.jpg\" alt=\"\" class=\"wp-image-339\" srcset=\"https:\/\/kosmetologeausteja.lt\/wp-content\/uploads\/2019\/10\/55_l.jpg 1000w, https:\/\/kosmetologeausteja.lt\/wp-content\/uploads\/2019\/10\/55_l-300x177.jpg 300w, https:\/\/kosmetologeausteja.lt\/wp-content\/uploads\/2019\/10\/55_l-768x453.jpg 768w, https:\/\/kosmetologeausteja.lt\/wp-content\/uploads\/2019\/10\/55_l-700x413.jpg 700w, https:\/\/kosmetologeausteja.lt\/wp-content\/uploads\/2019\/10\/55_l-520x307.jpg 520w, https:\/\/kosmetologeausteja.lt\/wp-content\/uploads\/2019\/10\/55_l-360x212.jpg 360w, https:\/\/kosmetologeausteja.lt\/wp-content\/uploads\/2019\/10\/55_l-250x148.jpg 250w, https:\/\/kosmetologeausteja.lt\/wp-content\/uploads\/2019\/10\/55_l-100x59.jpg 100w\" sizes=\"(max-width: 1000px) 100vw, 1000px\" \/><figcaption> ODA professional nuotrauka: rezultatai po 10 r\u016bg\u0161tini\u0173 \u0161veitim\u0173 ir priemoni\u0173 naudojimo namuose. <\/figcaption><\/figure>\n","protected":false},"excerpt":{"rendered":"<p>Demakia\u017eas, odos paruo\u0161imas \u0161veitimui, r\u016bg\u0161tinis \u0161veitimas, kauk\u0117 pagal odos b\u016bkl\u0119, u\u017ebaigiamasis kremas. Trukm\u0117: 1.5 val R\u016bg\u0161tin\u0117s proced\u016bros &#8211; vienos i\u0161 efektyviausi\u0173 paslaug\u0173 kosmetologo arsenale. Kontroliuojamai nu\u0161vei\u010diant negyvas raginio sluoksnio l\u0105steles skatinama odos regeneracija. Atsinaujinus odai, ji tampa pastebimai lygesn\u0117, skaistesn\u0117, [&hellip;]<\/p>\n","protected":false},"author":2,"featured_media":301,"parent":0,"menu_order":0,"comment_status":"closed","ping_status":"closed","template":"page-templates\/single-service.php","meta":{"footnotes":""},"class_list":["post-307","page","type-page","status-publish","has-post-thumbnail","hentry","clearfix"],"_links":{"self":[{"href":"https:\/\/kosmetologeausteja.lt\/index.php\/wp-json\/wp\/v2\/pages\/307"}],"collection":[{"href":"https:\/\/kosmetologeausteja.lt\/index.php\/wp-json\/wp\/v2\/pages"}],"about":[{"href":"https:\/\/kosmetologeausteja.lt\/index.php\/wp-json\/wp\/v2\/types\/page"}],"author":[{"embeddable":true,"href":"https:\/\/kosmetologeausteja.lt\/index.php\/wp-json\/wp\/v2\/users\/2"}],"replies":[{"embeddable":true,"href":"https:\/\/kosmetologeausteja.lt\/index.php\/wp-json\/wp\/v2\/comments?post=307"}],"version-history":[{"count":4,"href":"https:\/\/kosmetologeausteja.lt\/index.php\/wp-json\/wp\/v2\/pages\/307\/revisions"}],"predecessor-version":[{"id":385,"href":"https:\/\/kosmetologeausteja.lt\/index.php\/wp-json\/wp\/v2\/pages\/307\/revisions\/385"}],"wp:featuredmedia":[{"embeddable":true,"href":"https:\/\/kosmetologeausteja.lt\/index.php\/wp-json\/wp\/v2\/media\/301"}],"wp:attachment":[{"href":"https:\/\/kosmetologeausteja.lt\/index.php\/wp-json\/wp\/v2\/media?parent=307"}],"curies":[{"name":"wp","href":"https:\/\/api.w.org\/{rel}","templated":true}]}}