{"id":283,"date":"2019-09-18T13:42:00","date_gmt":"2019-09-18T10:42:00","guid":{"rendered":"https:\/\/kosmetologeausteja.lt\/?page_id=283"},"modified":"2019-09-18T13:47:28","modified_gmt":"2019-09-18T10:47:28","slug":"veido-procedura-pagal-odos-bukle","status":"publish","type":"page","link":"https:\/\/kosmetologeausteja.lt\/index.php\/veido-procedura-pagal-odos-bukle\/","title":{"rendered":"Veido proced\u016bra pagal odos b\u016bkl\u0119"},"content":{"rendered":"\n<p>Jei tiksliai ne\u017einote, kokios proced\u016bros pageidaujate, tai &#8211; idealus pasirinkimas. Proced\u016bra bus parinkta atitinkamai pagal J\u016bs\u0173 odos b\u016bkl\u0119. Eiga: demakia\u017eas, odos \u0161veitimas, masa\u017eas, kauk\u0117, kremas.<\/p>\n\n\n\n<p>Trukm\u0117: 1.5 val<\/p>\n","protected":false},"excerpt":{"rendered":"<p>Jei tiksliai ne\u017einote, kokios proced\u016bros pageidaujate, tai &#8211; idealus pasirinkimas. Proced\u016bra bus parinkta atitinkamai pagal J\u016bs\u0173 odos b\u016bkl\u0119. Eiga: demakia\u017eas, odos \u0161veitimas, masa\u017eas, kauk\u0117, kremas. Trukm\u0117: 1.5 val<\/p>\n","protected":false},"author":2,"featured_media":300,"parent":0,"menu_order":0,"comment_status":"closed","ping_status":"closed","template":"page-templates\/single-service.php","meta":{"footnotes":""},"class_list":["post-283","page","type-page","status-publish","has-post-thumbnail","hentry","clearfix"],"_links":{"self":[{"href":"https:\/\/kosmetologeausteja.lt\/index.php\/wp-json\/wp\/v2\/pages\/283"}],"collection":[{"href":"https:\/\/kosmetologeausteja.lt\/index.php\/wp-json\/wp\/v2\/pages"}],"about":[{"href":"https:\/\/kosmetologeausteja.lt\/index.php\/wp-json\/wp\/v2\/types\/page"}],"author":[{"embeddable":true,"href":"https:\/\/kosmetologeausteja.lt\/index.php\/wp-json\/wp\/v2\/users\/2"}],"replies":[{"embeddable":true,"href":"https:\/\/kosmetologeausteja.lt\/index.php\/wp-json\/wp\/v2\/comments?post=283"}],"version-history":[{"count":1,"href":"https:\/\/kosmetologeausteja.lt\/index.php\/wp-json\/wp\/v2\/pages\/283\/revisions"}],"predecessor-version":[{"id":284,"href":"https:\/\/kosmetologeausteja.lt\/index.php\/wp-json\/wp\/v2\/pages\/283\/revisions\/284"}],"wp:featuredmedia":[{"embeddable":true,"href":"https:\/\/kosmetologeausteja.lt\/index.php\/wp-json\/wp\/v2\/media\/300"}],"wp:attachment":[{"href":"https:\/\/kosmetologeausteja.lt\/index.php\/wp-json\/wp\/v2\/media?parent=283"}],"curies":[{"name":"wp","href":"https:\/\/api.w.org\/{rel}","templated":true}]}}