{"id":20,"date":"2019-09-16T13:06:26","date_gmt":"2019-09-16T10:06:26","guid":{"rendered":"https:\/\/kosmetologeausteja.lt\/?page_id=20"},"modified":"2019-10-02T20:53:10","modified_gmt":"2019-10-02T17:53:10","slug":"paslaugos","status":"publish","type":"page","link":"https:\/\/kosmetologeausteja.lt\/index.php\/paslaugos\/","title":{"rendered":"Paslaugos"},"content":{"rendered":"\n<figure class=\"wp-block-embed-wordpress wp-block-embed is-type-wp-embed is-provider-kosmetologe-austeja\"><div class=\"wp-block-embed__wrapper\">\n<blockquote class=\"wp-embedded-content\" data-secret=\"tHrrFcC2ED\"><a href=\"https:\/\/kosmetologeausteja.lt\/index.php\/paslaugos\/plauku-augima-skatinanti-procedura\/\">Plauk\u0173 augim\u0105 skatinanti proced\u016bra<\/a><\/blockquote><iframe loading=\"lazy\" class=\"wp-embedded-content\" sandbox=\"allow-scripts\" security=\"restricted\" style=\"position: absolute; clip: rect(1px, 1px, 1px, 1px);\" title=\"&#8220;Plauk\u0173 augim\u0105 skatinanti proced\u016bra&#8221; &#8212; Kosmetolog\u0117 Aust\u0117ja\" src=\"https:\/\/kosmetologeausteja.lt\/index.php\/paslaugos\/plauku-augima-skatinanti-procedura\/embed\/#?secret=ySUyMGg8qP#?secret=tHrrFcC2ED\" data-secret=\"tHrrFcC2ED\" width=\"600\" height=\"338\" frameborder=\"0\" marginwidth=\"0\" marginheight=\"0\" scrolling=\"no\"><\/iframe>\n<\/div><\/figure>\n\n\n\n<figure class=\"wp-block-embed-wordpress wp-block-embed is-type-wp-embed is-provider-kosmetologe-austeja\"><div class=\"wp-block-embed__wrapper\">\n<blockquote class=\"wp-embedded-content\" data-secret=\"h8BHKK5YS7\"><a href=\"https:\/\/kosmetologeausteja.lt\/index.php\/veido-procedura-pagal-odos-bukle\/\">Veido proced\u016bra pagal odos b\u016bkl\u0119<\/a><\/blockquote><iframe loading=\"lazy\" class=\"wp-embedded-content\" sandbox=\"allow-scripts\" security=\"restricted\" style=\"position: absolute; clip: rect(1px, 1px, 1px, 1px);\" title=\"&#8220;Veido proced\u016bra pagal odos b\u016bkl\u0119&#8221; &#8212; Kosmetolog\u0117 Aust\u0117ja\" src=\"https:\/\/kosmetologeausteja.lt\/index.php\/veido-procedura-pagal-odos-bukle\/embed\/#?secret=i0bmzJs1uO#?secret=h8BHKK5YS7\" data-secret=\"h8BHKK5YS7\" width=\"600\" height=\"338\" frameborder=\"0\" marginwidth=\"0\" marginheight=\"0\" scrolling=\"no\"><\/iframe>\n<\/div><\/figure>\n\n\n\n<figure class=\"wp-block-embed-wordpress wp-block-embed is-type-wp-embed is-provider-kosmetologe-austeja\"><div class=\"wp-block-embed__wrapper\">\n<blockquote class=\"wp-embedded-content\" data-secret=\"rGHDPgeYwi\"><a href=\"https:\/\/kosmetologeausteja.lt\/index.php\/rugstinis-veido-valymas\/\">R\u016bg\u0161tinis veido valymas<\/a><\/blockquote><iframe loading=\"lazy\" class=\"wp-embedded-content\" sandbox=\"allow-scripts\" security=\"restricted\" style=\"position: absolute; clip: rect(1px, 1px, 1px, 1px);\" title=\"&#8220;R\u016bg\u0161tinis veido valymas&#8221; &#8212; Kosmetolog\u0117 Aust\u0117ja\" src=\"https:\/\/kosmetologeausteja.lt\/index.php\/rugstinis-veido-valymas\/embed\/#?secret=e4XxOycSDV#?secret=rGHDPgeYwi\" data-secret=\"rGHDPgeYwi\" width=\"600\" height=\"338\" frameborder=\"0\" marginwidth=\"0\" marginheight=\"0\" scrolling=\"no\"><\/iframe>\n<\/div><\/figure>\n\n\n\n<figure class=\"wp-block-embed-wordpress wp-block-embed is-type-wp-embed is-provider-kosmetologe-austeja\"><div class=\"wp-block-embed__wrapper\">\n<blockquote class=\"wp-embedded-content\" data-secret=\"IdOJo3eh85\"><a href=\"https:\/\/kosmetologeausteja.lt\/index.php\/ultragarsinis-odos-valymas\/\">Ultragarsinis odos valymas<\/a><\/blockquote><iframe loading=\"lazy\" class=\"wp-embedded-content\" sandbox=\"allow-scripts\" security=\"restricted\" style=\"position: absolute; clip: rect(1px, 1px, 1px, 1px);\" title=\"&#8220;Ultragarsinis odos valymas&#8221; &#8212; Kosmetolog\u0117 Aust\u0117ja\" src=\"https:\/\/kosmetologeausteja.lt\/index.php\/ultragarsinis-odos-valymas\/embed\/#?secret=zpmSGDeRti#?secret=IdOJo3eh85\" data-secret=\"IdOJo3eh85\" width=\"600\" height=\"338\" frameborder=\"0\" marginwidth=\"0\" marginheight=\"0\" scrolling=\"no\"><\/iframe>\n<\/div><\/figure>\n\n\n\n<figure class=\"wp-block-embed-wordpress wp-block-embed is-type-wp-embed is-provider-kosmetologe-austeja\"><div class=\"wp-block-embed__wrapper\">\n<blockquote class=\"wp-embedded-content\" data-secret=\"5BEQo6kc5j\"><a href=\"https:\/\/kosmetologeausteja.lt\/index.php\/veido-masazas\/\">Veido masa\u017eas<\/a><\/blockquote><iframe loading=\"lazy\" class=\"wp-embedded-content\" sandbox=\"allow-scripts\" security=\"restricted\" style=\"position: absolute; clip: rect(1px, 1px, 1px, 1px);\" title=\"&#8220;Veido masa\u017eas&#8221; &#8212; Kosmetolog\u0117 Aust\u0117ja\" src=\"https:\/\/kosmetologeausteja.lt\/index.php\/veido-masazas\/embed\/#?secret=OVTLv1eedX#?secret=5BEQo6kc5j\" data-secret=\"5BEQo6kc5j\" width=\"600\" height=\"338\" frameborder=\"0\" marginwidth=\"0\" marginheight=\"0\" scrolling=\"no\"><\/iframe>\n<\/div><\/figure>\n\n\n\n<figure class=\"wp-block-embed-wordpress wp-block-embed is-type-wp-embed is-provider-kosmetologe-austeja\"><div class=\"wp-block-embed__wrapper\">\n<blockquote class=\"wp-embedded-content\" data-secret=\"XpScQjSpqF\"><a href=\"https:\/\/kosmetologeausteja.lt\/index.php\/rugstinis-nugaros-valymas\/\">R\u016bg\u0161tinis nugaros valymas<\/a><\/blockquote><iframe loading=\"lazy\" class=\"wp-embedded-content\" sandbox=\"allow-scripts\" security=\"restricted\" style=\"position: absolute; clip: rect(1px, 1px, 1px, 1px);\" title=\"&#8220;R\u016bg\u0161tinis nugaros valymas&#8221; &#8212; Kosmetolog\u0117 Aust\u0117ja\" src=\"https:\/\/kosmetologeausteja.lt\/index.php\/rugstinis-nugaros-valymas\/embed\/#?secret=SlO3lMqcHL#?secret=XpScQjSpqF\" data-secret=\"XpScQjSpqF\" width=\"600\" height=\"338\" frameborder=\"0\" marginwidth=\"0\" marginheight=\"0\" scrolling=\"no\"><\/iframe>\n<\/div><\/figure>\n\n\n\n<figure class=\"wp-block-embed-wordpress wp-block-embed is-type-wp-embed is-provider-kosmetologe-austeja\"><div class=\"wp-block-embed__wrapper\">\n<blockquote class=\"wp-embedded-content\" data-secret=\"i8PqXwPpRm\"><a href=\"https:\/\/kosmetologeausteja.lt\/index.php\/kombinuotas-veido-valymas\/\">Kombinuotas veido valymas<\/a><\/blockquote><iframe loading=\"lazy\" class=\"wp-embedded-content\" sandbox=\"allow-scripts\" security=\"restricted\" style=\"position: absolute; clip: rect(1px, 1px, 1px, 1px);\" title=\"&#8220;Kombinuotas veido valymas&#8221; &#8212; Kosmetolog\u0117 Aust\u0117ja\" src=\"https:\/\/kosmetologeausteja.lt\/index.php\/kombinuotas-veido-valymas\/embed\/#?secret=0Sd8ZY2VNl#?secret=i8PqXwPpRm\" data-secret=\"i8PqXwPpRm\" width=\"600\" height=\"338\" frameborder=\"0\" marginwidth=\"0\" marginheight=\"0\" scrolling=\"no\"><\/iframe>\n<\/div><\/figure>\n\n\n\n<figure class=\"wp-block-embed-wordpress wp-block-embed is-type-wp-embed is-provider-kosmetologe-austeja\"><div class=\"wp-block-embed__wrapper\">\n<blockquote class=\"wp-embedded-content\" data-secret=\"JE0IMpditp\"><a href=\"https:\/\/kosmetologeausteja.lt\/index.php\/mechaninis-veido-valymas\/\">Gydomasis veido valymas<\/a><\/blockquote><iframe loading=\"lazy\" class=\"wp-embedded-content\" sandbox=\"allow-scripts\" security=\"restricted\" style=\"position: absolute; clip: rect(1px, 1px, 1px, 1px);\" title=\"&#8220;Gydomasis veido valymas&#8221; &#8212; Kosmetolog\u0117 Aust\u0117ja\" src=\"https:\/\/kosmetologeausteja.lt\/index.php\/mechaninis-veido-valymas\/embed\/#?secret=xtw1jVLDzH#?secret=JE0IMpditp\" data-secret=\"JE0IMpditp\" width=\"600\" height=\"338\" frameborder=\"0\" marginwidth=\"0\" marginheight=\"0\" scrolling=\"no\"><\/iframe>\n<\/div><\/figure>\n","protected":false},"excerpt":{"rendered":"","protected":false},"author":1,"featured_media":0,"parent":0,"menu_order":0,"comment_status":"closed","ping_status":"closed","template":"page-templates\/page_fullwidth.php","meta":{"footnotes":""},"class_list":["post-20","page","type-page","status-publish","hentry","clearfix"],"_links":{"self":[{"href":"https:\/\/kosmetologeausteja.lt\/index.php\/wp-json\/wp\/v2\/pages\/20"}],"collection":[{"href":"https:\/\/kosmetologeausteja.lt\/index.php\/wp-json\/wp\/v2\/pages"}],"about":[{"href":"https:\/\/kosmetologeausteja.lt\/index.php\/wp-json\/wp\/v2\/types\/page"}],"author":[{"embeddable":true,"href":"https:\/\/kosmetologeausteja.lt\/index.php\/wp-json\/wp\/v2\/users\/1"}],"replies":[{"embeddable":true,"href":"https:\/\/kosmetologeausteja.lt\/index.php\/wp-json\/wp\/v2\/comments?post=20"}],"version-history":[{"count":6,"href":"https:\/\/kosmetologeausteja.lt\/index.php\/wp-json\/wp\/v2\/pages\/20\/revisions"}],"predecessor-version":[{"id":355,"href":"https:\/\/kosmetologeausteja.lt\/index.php\/wp-json\/wp\/v2\/pages\/20\/revisions\/355"}],"wp:attachment":[{"href":"https:\/\/kosmetologeausteja.lt\/index.php\/wp-json\/wp\/v2\/media?parent=20"}],"curies":[{"name":"wp","href":"https:\/\/api.w.org\/{rel}","templated":true}]}}